{"id":1667,"date":"2023-12-11T03:22:43","date_gmt":"2023-12-11T03:22:43","guid":{"rendered":"https:\/\/anthroposcolombia.com\/?page_id=1667"},"modified":"2023-12-12T00:31:51","modified_gmt":"2023-12-12T00:31:51","slug":"mi-primer-blog","status":"publish","type":"page","link":"https:\/\/anthroposcolombia.com\/index.php\/mi-primer-blog\/","title":{"rendered":"Blog"},"content":{"rendered":"\t\t<div data-elementor-type=\"wp-page\" data-elementor-id=\"1667\" class=\"elementor elementor-1667\" data-elementor-settings=\"{&quot;ha_cmc_init_switcher&quot;:&quot;no&quot;}\" data-elementor-post-type=\"page\">\n\t\t\t\t<div class=\"elementor-element elementor-element-091d71f e-con-full e-flex e-con e-parent\" data-id=\"091d71f\" data-element_type=\"container\" data-settings=\"{&quot;_ha_eqh_enable&quot;:false}\">\n\t\t\t\t<div class=\"elementor-element elementor-element-2750e1a elementor-widget elementor-widget-heading\" data-id=\"2750e1a\" data-element_type=\"widget\" data-widget_type=\"heading.default\">\n\t\t\t\t<div class=\"elementor-widget-container\">\n\t\t\t\t\t<h2 class=\"elementor-heading-title elementor-size-default\">Descubriendo nuestras huellas<\/h2>\t\t\t\t<\/div>\n\t\t\t\t<\/div>\n\t\t\t\t<\/div>\n\t\t<div class=\"elementor-element elementor-element-f0caa75 e-con-full e-flex elementor-invisible e-con e-parent\" data-id=\"f0caa75\" data-element_type=\"container\" data-settings=\"{&quot;animation&quot;:&quot;fadeInLeft&quot;,&quot;_ha_eqh_enable&quot;:false}\">\n\t\t\t\t<div class=\"elementor-element elementor-element-0140062 elementor-widget elementor-widget-image\" data-id=\"0140062\" data-element_type=\"widget\" data-widget_type=\"image.default\">\n\t\t\t\t<div class=\"elementor-widget-container\">\n\t\t\t\t\t\t\t\t\t\t\t\t\t\t\t<img decoding=\"async\" src=\"https:\/\/anthroposcolombia.com\/wp-content\/uploads\/elementor\/thumbs\/Cienaga-rbihtylcnb2irpnkooqqbcmkiyyrkqgmt8x95foncw.png\" title=\"Cienaga\" alt=\"Cienaga\" loading=\"lazy\" \/>\t\t\t\t\t\t\t\t\t\t\t\t\t\t\t<\/div>\n\t\t\t\t<\/div>\n\t\t\t\t<\/div>\n\t\t<div class=\"elementor-element elementor-element-571f4bf e-con-full e-flex elementor-invisible e-con e-parent\" data-id=\"571f4bf\" data-element_type=\"container\" data-settings=\"{&quot;animation&quot;:&quot;fadeInRight&quot;,&quot;_ha_eqh_enable&quot;:false}\">\n\t\t\t\t<div class=\"elementor-element elementor-element-25bf215 elementor-widget elementor-widget-image\" data-id=\"25bf215\" data-element_type=\"widget\" data-widget_type=\"image.default\">\n\t\t\t\t<div class=\"elementor-widget-container\">\n\t\t\t\t\t\t\t\t\t\t\t\t\t\t\t<img decoding=\"async\" src=\"https:\/\/anthroposcolombia.com\/wp-content\/uploads\/elementor\/thumbs\/Cielo-rbihtxnigh18g3oxu6c3quv3xl3ed1cwh49ro5q1j4.jpg\" title=\"Cielo\" alt=\"Cielo\" loading=\"lazy\" \/>\t\t\t\t\t\t\t\t\t\t\t\t\t\t\t<\/div>\n\t\t\t\t<\/div>\n\t\t\t\t<\/div>\n\t\t<div class=\"elementor-element elementor-element-1b7bbae e-con-full e-flex e-con e-parent\" data-id=\"1b7bbae\" data-element_type=\"container\" data-settings=\"{&quot;_ha_eqh_enable&quot;:false}\">\n\t\t\t\t<div class=\"elementor-element elementor-element-0ea2a23 elementor-invisible elementor-widget elementor-widget-image\" data-id=\"0ea2a23\" data-element_type=\"widget\" data-settings=\"{&quot;motion_fx_motion_fx_scrolling&quot;:&quot;yes&quot;,&quot;motion_fx_translateX_effect&quot;:&quot;yes&quot;,&quot;motion_fx_translateX_speed&quot;:{&quot;unit&quot;:&quot;px&quot;,&quot;size&quot;:0.8,&quot;sizes&quot;:[]},&quot;motion_fx_translateX_affectedRange&quot;:{&quot;unit&quot;:&quot;%&quot;,&quot;size&quot;:&quot;&quot;,&quot;sizes&quot;:{&quot;start&quot;:48,&quot;end&quot;:100}},&quot;_animation&quot;:&quot;fadeInUp&quot;,&quot;motion_fx_translateX_direction&quot;:&quot;negative&quot;,&quot;motion_fx_devices&quot;:[&quot;desktop&quot;,&quot;tablet&quot;,&quot;mobile&quot;]}\" data-widget_type=\"image.default\">\n\t\t\t\t<div class=\"elementor-widget-container\">\n\t\t\t\t\t\t\t\t\t\t\t\t\t\t\t<img decoding=\"async\" src=\"https:\/\/anthroposcolombia.com\/wp-content\/uploads\/elementor\/thumbs\/Canoa-rbihtutzvyxdh9t1an481dkq5fhapy1pgqbb8bu81s.png\" title=\"Canoa\" alt=\"Canoa\" loading=\"lazy\" \/>\t\t\t\t\t\t\t\t\t\t\t\t\t\t\t<\/div>\n\t\t\t\t<\/div>\n\t\t\t\t<\/div>\n\t\t<div class=\"elementor-element elementor-element-9674019 e-flex e-con-boxed e-con e-parent\" data-id=\"9674019\" data-element_type=\"container\" data-settings=\"{&quot;_ha_eqh_enable&quot;:false}\">\n\t\t\t\t\t<div class=\"e-con-inner\">\n\t\t\t\t<div class=\"elementor-element elementor-element-1a9bc39 elementor-widget elementor-widget-elementskit-blog-posts\" data-id=\"1a9bc39\" data-element_type=\"widget\" data-widget_type=\"elementskit-blog-posts.default\">\n\t\t\t\t<div class=\"elementor-widget-container\">\n\t\t\t\t\t<div class=\"ekit-wid-con\" >        <div id=\"post-items--1a9bc39\" class=\"row post-items\">\n                    <div class=\"col-md-12\">\n\n                                    <div class=\"elementskit-blog-block-post\">\n                        <div class=\"row no-gutters\">\n                                                            <div class=\"col-md-6 order-1\">\n                                    <a href=\"https:\/\/anthroposcolombia.com\/index.php\/2023\/12\/15\/el-filosofo-griego-platon-fue-uno-de-los-pensadores-mas-influyentes-de-la-filosofia-occidental\/\" class=\"elementskit-entry-thumb\">\n                                        <img decoding=\"async\" src=\"https:\/\/anthroposcolombia.com\/wp-content\/uploads\/2023\/12\/PlatonAnthropos-1024x576.jpg\" alt=\"El fil\u00f3sofo griego Plat\u00f3n fue uno de los pensadores m\u00e1s influyentes de la filosof\u00eda occidental.\">\n                                    <\/a><!-- .elementskit-entry-thumb END -->\n                                <\/div>\n                            \n                            <div class=\"col-md-6 order-2\">\n                                <div class=\"elementskit-post-body \">\n                                    <div class=\"elementskit-entry-header\">\n                                        \n                                                                                            \t\t\t\t\t                                            \n                                            \n                                                                                            \t\t\t\t<h2 class=\"entry-title\">\n\t\t\t\t\t<a href=\"https:\/\/anthroposcolombia.com\/index.php\/2023\/12\/15\/el-filosofo-griego-platon-fue-uno-de-los-pensadores-mas-influyentes-de-la-filosofia-occidental\/\">\n\t\t\t\t\t\tEl fil\u00f3sofo griego Plat\u00f3n fue uno de los pensadores m\u00e1s influyentes de la filosof\u00eda occidental.\t\t\t\t\t<\/a>\n\t\t\t\t<\/h2>\n\t\t\t                                                                                <\/div><!-- .elementskit-entry-header END -->\n\n                                                                            <div class=\"elementskit-post-footer\">\n                                                                                            <p>Todos tienen un papel que desempe\u00f1ar en la ciudad plat\u00f3nica -desde los esclavos hasta los hombres libres- pero para que una sociedad funcione, sus estructuras tienen que ser jer\u00e1rquicas y en la cima de todo siempre habr\u00e1 un l\u00edder. Plat\u00f3n (428 a.C- 347 a.C.), fil\u00f3sofo griego y uno de los pensadores m\u00e1s creativos e influyentes [&hellip;]<\/p>\n                                                                                                                                <\/div><!-- .elementskit-post-footer END -->\n                                                                    <\/div><!-- .elementskit-post-body END -->\n                            <\/div>\n                        <\/div>\n                    <\/div><!-- .elementskit-blog-block-post .radius .gradient-bg END -->\n                \n            <\/div>\n                    <div class=\"col-md-12\">\n\n                                    <div class=\"elementskit-blog-block-post\">\n                        <div class=\"row no-gutters\">\n                                                            <div class=\"col-md-6 order-1\">\n                                    <a href=\"https:\/\/anthroposcolombia.com\/index.php\/2023\/12\/12\/el-viaje-del-codice-tlaquiltenango-el-ultimo-tesoro-recuperado-de-mexico\/\" class=\"elementskit-entry-thumb\">\n                                        <img decoding=\"async\" src=\"https:\/\/anthroposcolombia.com\/wp-content\/uploads\/2023\/12\/Mexico-1024x731.jpg\" alt=\"El viaje del \u2018C\u00f3dice Tlaquiltenango\u2019, el \u00faltimo tesoro recuperado de M\u00e9xico\">\n                                    <\/a><!-- .elementskit-entry-thumb END -->\n                                <\/div>\n                            \n                            <div class=\"col-md-6 order-2\">\n                                <div class=\"elementskit-post-body \">\n                                    <div class=\"elementskit-entry-header\">\n                                        \n                                                                                            \t\t\t\t\t                                            \n                                            \n                                                                                            \t\t\t\t<h2 class=\"entry-title\">\n\t\t\t\t\t<a href=\"https:\/\/anthroposcolombia.com\/index.php\/2023\/12\/12\/el-viaje-del-codice-tlaquiltenango-el-ultimo-tesoro-recuperado-de-mexico\/\">\n\t\t\t\t\t\tEl viaje del \u2018C\u00f3dice Tlaquiltenango\u2019, el \u00faltimo tesoro recuperado de M\u00e9xico\t\t\t\t\t<\/a>\n\t\t\t\t<\/h2>\n\t\t\t                                                                                <\/div><!-- .elementskit-entry-header END -->\n\n                                                                            <div class=\"elementskit-post-footer\">\n                                                                                            <p>Espa\u00f1a devuelve a M\u00e9xico el documento pictogr\u00e1fico de la \u00e9poca virreinal que hab\u00eda sido subastado en 100.000 euros, casi dos millones de pesos Espa\u00f1a ha devuelto a M\u00e9xico un fragmento perdido del\u00a0C\u00f3dice Tlaquiltenango, un documento de gran valor arqueol\u00f3gico que fue subastado en la Casa Alabarte, en 2017, por 100.000 euros, casi dos millones de [&hellip;]<\/p>\n                                                                                                                                <\/div><!-- .elementskit-post-footer END -->\n                                                                    <\/div><!-- .elementskit-post-body END -->\n                            <\/div>\n                        <\/div>\n                    <\/div><!-- .elementskit-blog-block-post .radius .gradient-bg END -->\n                \n            <\/div>\n                    <div class=\"col-md-12\">\n\n                                    <div class=\"elementskit-blog-block-post\">\n                        <div class=\"row no-gutters\">\n                                                            <div class=\"col-md-6 order-1\">\n                                    <a href=\"https:\/\/anthroposcolombia.com\/index.php\/2023\/12\/12\/explorando-las-raices-un-enfoque-academico-en-arqueologia-y-antropologia-en-colombia\/\" class=\"elementskit-entry-thumb\">\n                                        <img decoding=\"async\" src=\"https:\/\/anthroposcolombia.com\/wp-content\/uploads\/2023\/12\/pexels-oziel-gomez-1755388-1024x427.jpg\" alt=\"Explorando las Ra\u00edces: Un Enfoque Acad\u00e9mico en Arqueolog\u00eda y Antropolog\u00eda en Colombia\">\n                                    <\/a><!-- .elementskit-entry-thumb END -->\n                                <\/div>\n                            \n                            <div class=\"col-md-6 order-2\">\n                                <div class=\"elementskit-post-body \">\n                                    <div class=\"elementskit-entry-header\">\n                                        \n                                                                                            \t\t\t\t\t                                            \n                                            \n                                                                                            \t\t\t\t<h2 class=\"entry-title\">\n\t\t\t\t\t<a href=\"https:\/\/anthroposcolombia.com\/index.php\/2023\/12\/12\/explorando-las-raices-un-enfoque-academico-en-arqueologia-y-antropologia-en-colombia\/\">\n\t\t\t\t\t\tExplorando las Ra\u00edces: Un Enfoque Acad\u00e9mico en Arqueolog\u00eda y Antropolog\u00eda en Colombia\t\t\t\t\t<\/a>\n\t\t\t\t<\/h2>\n\t\t\t                                                                                <\/div><!-- .elementskit-entry-header END -->\n\n                                                                            <div class=\"elementskit-post-footer\">\n                                                                                            <p>En la vasta y diversa geograf\u00eda de Colombia, cada capa de su historia est\u00e1 impregnada de fascinantes relatos que esperan ser descubiertos. En el coraz\u00f3n de esta b\u00fasqueda se encuentra nuestra Anthropos, comprometida no solo con desenterrar objetos olvidados, sino tambi\u00e9n con revelar las narrativas perdidas de las comunidades que han dado forma a este [&hellip;]<\/p>\n                                                                                                                                <\/div><!-- .elementskit-post-footer END -->\n                                                                    <\/div><!-- .elementskit-post-body END -->\n                            <\/div>\n                        <\/div>\n                    <\/div><!-- .elementskit-blog-block-post .radius .gradient-bg END -->\n                \n            <\/div>\n                <\/div>\n       <\/div>\t\t\t\t<\/div>\n\t\t\t\t<\/div>\n\t\t\t\t\t<\/div>\n\t\t\t\t<\/div>\n\t\t\t\t<\/div>\n\t\t","protected":false},"excerpt":{"rendered":"<p>Descubriendo nuestras huellas Corredor Verde La Alcald\u00eda de Bogot\u00e1 deber\u00e1 suspender la licitaci\u00f3n del proyecto que busca construir un carril exclusivo para buses el\u00e9ctricos en una de las v\u00edas m\u00e1s simb\u00f3licas de la ciudad La alcaldesa de Bogot\u00e1, Claudia L\u00f3pez, enfrenta un duro rev\u00e9s judicial a dos meses de terminar su mandato. Un juzgado de [&hellip;]<\/p>\n","protected":false},"author":0,"featured_media":0,"parent":0,"menu_order":0,"comment_status":"closed","ping_status":"closed","template":"elementor_canvas","meta":{"footnotes":""},"class_list":["post-1667","page","type-page","status-publish","hentry"],"rttpg_featured_image_url":null,"rttpg_author":{"display_name":"","author_link":"https:\/\/anthroposcolombia.com\/index.php\/author\/"},"rttpg_comment":0,"rttpg_category":"","rttpg_excerpt":"Descubriendo nuestras huellas Corredor Verde La Alcald\u00eda de Bogot\u00e1 deber\u00e1 suspender la licitaci\u00f3n del proyecto que busca construir un carril exclusivo para buses el\u00e9ctricos en una de las v\u00edas m\u00e1s simb\u00f3licas de la ciudad La alcaldesa de Bogot\u00e1, Claudia L\u00f3pez, enfrenta un duro rev\u00e9s judicial a dos meses de terminar su mandato. Un juzgado de&hellip;","_links":{"self":[{"href":"https:\/\/anthroposcolombia.com\/index.php\/wp-json\/wp\/v2\/pages\/1667","targetHints":{"allow":["GET"]}}],"collection":[{"href":"https:\/\/anthroposcolombia.com\/index.php\/wp-json\/wp\/v2\/pages"}],"about":[{"href":"https:\/\/anthroposcolombia.com\/index.php\/wp-json\/wp\/v2\/types\/page"}],"replies":[{"embeddable":true,"href":"https:\/\/anthroposcolombia.com\/index.php\/wp-json\/wp\/v2\/comments?post=1667"}],"version-history":[{"count":38,"href":"https:\/\/anthroposcolombia.com\/index.php\/wp-json\/wp\/v2\/pages\/1667\/revisions"}],"predecessor-version":[{"id":1729,"href":"https:\/\/anthroposcolombia.com\/index.php\/wp-json\/wp\/v2\/pages\/1667\/revisions\/1729"}],"wp:attachment":[{"href":"https:\/\/anthroposcolombia.com\/index.php\/wp-json\/wp\/v2\/media?parent=1667"}],"curies":[{"name":"wp","href":"https:\/\/api.w.org\/{rel}","templated":true}]}}