{"id":1882,"date":"2024-01-18T00:30:03","date_gmt":"2024-01-18T00:30:03","guid":{"rendered":"https:\/\/anthroposcolombia.com\/?page_id=1882"},"modified":"2024-02-01T14:11:22","modified_gmt":"2024-02-01T14:11:22","slug":"diagnostico-arqueologico-en-colombia-2","status":"publish","type":"page","link":"https:\/\/anthroposcolombia.com\/index.php\/diagnostico-arqueologico-en-colombia-2\/","title":{"rendered":"DIAGN\u00d3STICO ARQUEOL\u00d3GICO EN COLOMBIA"},"content":{"rendered":"\t\t<div data-elementor-type=\"wp-page\" data-elementor-id=\"1882\" class=\"elementor elementor-1882\" data-elementor-settings=\"{&quot;ha_cmc_init_switcher&quot;:&quot;no&quot;}\" data-elementor-post-type=\"page\">\n\t\t\t\t<div class=\"elementor-element elementor-element-30dfe55d e-con-full e-flex elementor-invisible e-con e-parent\" data-id=\"30dfe55d\" data-element_type=\"container\" data-settings=\"{&quot;animation&quot;:&quot;fadeIn&quot;,&quot;_ha_eqh_enable&quot;:false}\">\n\t\t\t\t<div class=\"elementor-element elementor-element-745f93c8 elementor-widget elementor-widget-image\" data-id=\"745f93c8\" data-element_type=\"widget\" data-widget_type=\"image.default\">\n\t\t\t\t<div class=\"elementor-widget-container\">\n\t\t\t\t\t\t\t\t\t\t\t\t\t\t\t<img decoding=\"async\" src=\"https:\/\/anthroposcolombia.com\/wp-content\/uploads\/elementor\/thumbs\/OpusStudio__102529-rbihtr2n4ms86tyhwlhpreivrvztv5ms47pdb7zsqo.jpg\" title=\"OpusStudio__102529\" alt=\"OpusStudio__102529\" loading=\"lazy\" \/>\t\t\t\t\t\t\t\t\t\t\t\t\t\t\t<\/div>\n\t\t\t\t<\/div>\n\t\t\t\t<\/div>\n\t\t<div class=\"elementor-element elementor-element-3d5fbee6 e-con-full e-flex e-con e-parent\" data-id=\"3d5fbee6\" data-element_type=\"container\" data-settings=\"{&quot;background_background&quot;:&quot;video&quot;,&quot;_ha_eqh_enable&quot;:false}\">\n\t\t\t\t<div class=\"elementor-element elementor-element-5c5d0092 elementor-widget elementor-widget-heading\" data-id=\"5c5d0092\" data-element_type=\"widget\" data-widget_type=\"heading.default\">\n\t\t\t\t<div class=\"elementor-widget-container\">\n\t\t\t\t\t<h2 class=\"elementor-heading-title elementor-size-default\">DIAGN\u00d3STICO ARQUEOL\u00d3GICO EN COLOMBIA<\/h2>\t\t\t\t<\/div>\n\t\t\t\t<\/div>\n\t\t\t\t<\/div>\n\t\t<div class=\"elementor-element elementor-element-4b18eaeb e-con-full e-flex e-con e-parent\" data-id=\"4b18eaeb\" data-element_type=\"container\" data-settings=\"{&quot;_ha_eqh_enable&quot;:false}\">\n\t\t<div class=\"elementor-element elementor-element-76a2beeb e-con-full e-flex e-con e-child\" data-id=\"76a2beeb\" data-element_type=\"container\" data-settings=\"{&quot;_ha_eqh_enable&quot;:false}\">\n\t\t\t\t<div class=\"elementor-element elementor-element-4f53f57f elementor-widget elementor-widget-text-editor\" data-id=\"4f53f57f\" data-element_type=\"widget\" data-widget_type=\"text-editor.default\">\n\t\t\t\t<div class=\"elementor-widget-container\">\n\t\t\t\t\t\t\t\t\t<p>El Diagn\u00f3stico Arqueol\u00f3gico es un pilar esencial en la planificaci\u00f3n de proyectos y en la implementaci\u00f3n del programa de arqueolog\u00eda preventiva. En esta fase, Recopilamos informaci\u00f3n clave sobre el contexto arqueol\u00f3gico del \u00e1rea donde se desarrolla un proyecto, lo que nos permite establecer las metodolog\u00edas de trabajo adecuadas y definir una zonificaci\u00f3n de potencial preliminar.<\/p><p>\u00a0<\/p><p><strong>La Importancia del Diagn\u00f3stico Arqueol\u00f3gico:<\/strong><\/p><p>\u00a0<\/p><ol><li>Permite conocer de forma preliminar el potencial arqueol\u00f3gico del proyecto y planificar las metodolog\u00edas de investigaci\u00f3n para garantiza la protecci\u00f3n y preservaci\u00f3n de hallazgos arqueol\u00f3gicos que podr\u00edan verse amenazados por las obras de infraestructura.<\/li><li>Cumplimiento Legal En Colombia y \u00e9tico que evita retrasos y problemas futuros ante el ICANH.<\/li><li>Planificaci\u00f3n Estrat\u00e9gica Este diagn\u00f3stico proporciona una base s\u00f3lida para la planificaci\u00f3n estrat\u00e9gica de las posteriores fases de los proyectos, lo que permite ahorrar tiempo y recursos a largo plazo.<\/li><\/ol>\t\t\t\t\t\t\t\t<\/div>\n\t\t\t\t<\/div>\n\t\t\t\t<div class=\"elementor-element elementor-element-1889a0ae elementor-blockquote--skin-border elementor-blockquote--button-color-official elementor-widget elementor-widget-blockquote\" data-id=\"1889a0ae\" data-element_type=\"widget\" data-widget_type=\"blockquote.default\">\n\t\t\t\t<div class=\"elementor-widget-container\">\n\t\t\t\t\t\t\t<blockquote class=\"elementor-blockquote\">\n\t\t\t<p class=\"elementor-blockquote__content\">\n\t\t\t\tRecopilamos informaci\u00f3n clave sobre el contexto arqueol\u00f3gico del \u00e1rea donde se desarrolla un proyecto\t\t\t<\/p>\n\t\t\t\t\t<\/blockquote>\n\t\t\t\t\t\t<\/div>\n\t\t\t\t<\/div>\n\t\t\t\t<div class=\"elementor-element elementor-element-40b599f4 elementor-widget elementor-widget-text-editor\" data-id=\"40b599f4\" data-element_type=\"widget\" data-widget_type=\"text-editor.default\">\n\t\t\t\t<div class=\"elementor-widget-container\">\n\t\t\t\t\t\t\t\t\t<p><strong>Nuestro Enfoque:<\/strong><\/p><p>\u00a0<\/p><p>En Anthropos, consideramos el Diagn\u00f3stico Arqueol\u00f3gico como una fase esencial de nuestros servicios y para ello:<\/p><p>\u00a0<\/p><ol><li>Recopilamos y analizamos rigurosamente, numerosas fuentes de Datos<\/li><li>formulamos metodolog\u00edas de trabajo detallas y agiles que permitan proteger y salvaguardar el patrimonio arqueol\u00f3gico de la Naci\u00f3n.<\/li><li>Definimos las \u00e1reas de potencial arqueol\u00f3gicas m\u00e1s sensibles, permitiendo una planificaci\u00f3n efectiva.<\/li><li>Cumplimos rigurosamente con la legislaci\u00f3n y adelantamos todos los tr\u00e1mites y comunicaciones con las autoridades.<\/li><\/ol><p>\u00a0<\/p><p><strong>Cont\u00e1ctanos:<\/strong><\/p><p>\u00a0<\/p><p>El Diagn\u00f3stico Arqueol\u00f3gico es m\u00e1s que un requisito; es una forma de honrar la historia y cultura de Colombia. Si tu proyecto de infraestructura lo requiere, cont\u00e1ctanos. Estamos preparados para ayudarte a planificar de manera legal y respetuosa con nuestro pasado.<\/p>\t\t\t\t\t\t\t\t<\/div>\n\t\t\t\t<\/div>\n\t\t\t\t<\/div>\n\t\t<div class=\"elementor-element elementor-element-1daeb506 e-con-full e-flex e-con e-child\" data-id=\"1daeb506\" data-element_type=\"container\" data-settings=\"{&quot;background_background&quot;:&quot;classic&quot;,&quot;sticky&quot;:&quot;top&quot;,&quot;sticky_offset&quot;:3,&quot;sticky_parent&quot;:&quot;yes&quot;,&quot;_ha_eqh_enable&quot;:false,&quot;sticky_on&quot;:[&quot;desktop&quot;,&quot;tablet&quot;,&quot;mobile&quot;],&quot;sticky_effects_offset&quot;:0}\">\n\t\t\t\t<div class=\"elementor-element elementor-element-7f874416 elementor-headline--style-highlight elementor-widget elementor-widget-animated-headline\" data-id=\"7f874416\" data-element_type=\"widget\" data-settings=\"{&quot;highlighted_text&quot;:&quot;Servicios&quot;,&quot;marker&quot;:&quot;underline&quot;,&quot;headline_style&quot;:&quot;highlight&quot;,&quot;loop&quot;:&quot;yes&quot;,&quot;highlight_animation_duration&quot;:1200,&quot;highlight_iteration_delay&quot;:8000}\" data-widget_type=\"animated-headline.default\">\n\t\t\t\t<div class=\"elementor-widget-container\">\n\t\t\t\t\t\t\t<h3 class=\"elementor-headline\">\n\t\t\t\t\t<span class=\"elementor-headline-plain-text elementor-headline-text-wrapper\">Nuestros<\/span>\n\t\t\t\t<span class=\"elementor-headline-dynamic-wrapper elementor-headline-text-wrapper\">\n\t\t\t\t\t<span class=\"elementor-headline-dynamic-text elementor-headline-text-active\">Servicios<\/span>\n\t\t\t\t<\/span>\n\t\t\t\t<\/h3>\n\t\t\t\t\t\t<\/div>\n\t\t\t\t<\/div>\n\t\t\t\t<div class=\"elementor-element elementor-element-20917599 elementor-widget__width-inherit ha-has-bg-overlay elementor-widget elementor-widget-quadmenu\" data-id=\"20917599\" data-element_type=\"widget\" data-settings=\"{&quot;motion_fx_motion_fx_scrolling&quot;:&quot;yes&quot;,&quot;motion_fx_opacity_effect&quot;:&quot;yes&quot;,&quot;motion_fx_opacity_direction&quot;:&quot;out-in-out&quot;,&quot;motion_fx_opacity_level&quot;:{&quot;unit&quot;:&quot;px&quot;,&quot;size&quot;:10,&quot;sizes&quot;:[]},&quot;motion_fx_opacity_range&quot;:{&quot;unit&quot;:&quot;%&quot;,&quot;size&quot;:&quot;&quot;,&quot;sizes&quot;:{&quot;start&quot;:20,&quot;end&quot;:80}},&quot;motion_fx_devices&quot;:[&quot;desktop&quot;,&quot;tablet&quot;,&quot;mobile&quot;]}\" data-widget_type=\"quadmenu.default\">\n\t\t\t\t<div class=\"elementor-widget-container\">\n\t\t\t\t\t<nav id=\"quadmenu\" class=\"quadmenu-default_theme quadmenu-v3.2.7 quadmenu-background-color quadmenu-mobile-shadow-show quadmenu-dropdown-shadow-show quadmenu-hover-ripple\" data-template=\"inherit\" data-theme=\"default_theme\" data-unwrap=\"0\" >\n\t<div class=\"quadmenu-container\">\n\t<div id=\"quadmenu_0\">\n\t\t\t\t<ul class=\"quadmenu-navbar-nav\"><li id=\"menu-item-1197\" class=\"quadmenu-item-1197 quadmenu-item quadmenu-item-object-custom quadmenu-item-type-default quadmenu-item-level-0 quadmenu-has-title quadmenu-has-link quadmenu-has-background quadmenu-dropdown-right\">\t\t\t\t<a  href=\"https:\/\/anthroposcolombia.com\/index.php\/registro-arqueologico-en-colombia-2\/\">\n\t\t\t<span class=\"quadmenu-item-content\">\n\t\t\t\t\t\t\t\t\t\t\t\t\t\t\t\t\t<span class=\"quadmenu-text quadmenu_pulse hover t_1000\">\u2713 Registro Arqueol\u00f3gico<\/span>\n\t\t\t\t\t\t\t\t\t\t\t\t\t\t\t\t\t<\/span>\n\t\t<\/a>\n\t\t\t\t<\/li><li id=\"menu-item-1196\" class=\"quadmenu-item-1196 quadmenu-item quadmenu-item-object-custom quadmenu-item-type-default quadmenu-item-level-0 quadmenu-has-title quadmenu-has-link quadmenu-has-background quadmenu-dropdown-right\">\t\t\t\t<a  href=\"https:\/\/anthroposcolombia.com\/index.php\/diagnostico-arqueologico-en-colombia-2\/\">\n\t\t\t<span class=\"quadmenu-item-content\">\n\t\t\t\t\t\t\t\t\t\t\t\t\t\t\t\t\t<span class=\"quadmenu-text quadmenu_pulse hover t_1000\">\u2713 Diagn\u00f3stico Arqueol\u00f3gico<\/span>\n\t\t\t\t\t\t\t\t\t\t\t\t\t\t\t\t\t<\/span>\n\t\t<\/a>\n\t\t\t\t<\/li><li id=\"menu-item-1135\" class=\"quadmenu-item-1135 quadmenu-item quadmenu-item-object-custom quadmenu-item-type-default quadmenu-item-level-0 quadmenu-has-title quadmenu-has-link quadmenu-has-background quadmenu-dropdown-right\">\t\t\t\t<a  href=\"https:\/\/anthroposcolombia.com\/index.php\/prospeccion-arqueologica-en-colombia-2\/\">\n\t\t\t<span class=\"quadmenu-item-content\">\n\t\t\t\t\t\t\t\t\t\t\t\t\t\t\t\t\t<span class=\"quadmenu-text quadmenu_pulse hover t_1000\">\u2713 Prospecci\u00f3n Arqueol\u00f3gica<\/span>\n\t\t\t\t\t\t\t\t\t\t\t\t\t\t\t\t\t<\/span>\n\t\t<\/a>\n\t\t\t\t<\/li><li id=\"menu-item-1142\" class=\"quadmenu-item-1142 quadmenu-item quadmenu-item-object-custom quadmenu-item-type-default quadmenu-item-level-0 quadmenu-has-title quadmenu-has-link quadmenu-has-background quadmenu-dropdown-right\">\t\t\t\t<a  href=\"https:\/\/anthroposcolombia.com\/index.php\/rescate-arqueologico-en-colombia-2\/#Servicios\">\n\t\t\t<span class=\"quadmenu-item-content\">\n\t\t\t\t\t\t\t\t\t\t\t\t\t\t\t\t\t<span class=\"quadmenu-text quadmenu_pulse hover t_1000\">\u2713 Rescate Arqueol\u00f3gico<\/span>\n\t\t\t\t\t\t\t\t\t\t\t\t\t\t\t\t\t<\/span>\n\t\t<\/a>\n\t\t\t\t<\/li><li id=\"menu-item-1198\" class=\"quadmenu-item-1198 quadmenu-item quadmenu-item-object-custom quadmenu-item-type-default quadmenu-item-level-0 quadmenu-has-title quadmenu-has-link quadmenu-has-background quadmenu-dropdown-right\">\t\t\t\t<a  href=\"https:\/\/anthroposcolombia.com\/index.php\/monitoreo-arqueologico-en-colombia\/\">\n\t\t\t<span class=\"quadmenu-item-content\">\n\t\t\t\t\t\t\t\t\t\t\t\t\t\t\t\t\t<span class=\"quadmenu-text quadmenu_pulse hover t_1000\">\u2713 Monitoreo Arqueol\u00f3gico<\/span>\n\t\t\t\t\t\t\t\t\t\t\t\t\t\t\t\t\t<\/span>\n\t\t<\/a>\n\t\t\t\t<\/li><li id=\"menu-item-1199\" class=\"quadmenu-item-1199 quadmenu-item quadmenu-item-object-custom quadmenu-item-type-default quadmenu-item-level-0 quadmenu-has-title quadmenu-has-link quadmenu-has-background quadmenu-dropdown-right\">\t\t\t\t<a  href=\"https:\/\/anthroposcolombia.com\/index.php\/laboratorio-arqueologico-en-colombia\/\">\n\t\t\t<span class=\"quadmenu-item-content\">\n\t\t\t\t\t\t\t\t\t\t\t\t\t\t\t\t\t<span class=\"quadmenu-text quadmenu_pulse hover t_1000\">\u2713 Laboratorio Arqueol\u00f3gico<\/span>\n\t\t\t\t\t\t\t\t\t\t\t\t\t\t\t\t\t<\/span>\n\t\t<\/a>\n\t\t\t\t<\/li><\/ul>\t<\/div>\n\t<\/div>\n<\/nav>\t\t\t\t<\/div>\n\t\t\t\t<\/div>\n\t\t\t\t<div class=\"elementor-element elementor-element-e138c82 elementor-headline--style-highlight elementor-widget elementor-widget-animated-headline\" data-id=\"e138c82\" data-element_type=\"widget\" data-settings=\"{&quot;highlighted_text&quot;:&quot;Tecnolog\\u00eda&quot;,&quot;marker&quot;:&quot;underline&quot;,&quot;headline_style&quot;:&quot;highlight&quot;,&quot;loop&quot;:&quot;yes&quot;,&quot;highlight_animation_duration&quot;:1200,&quot;highlight_iteration_delay&quot;:8000}\" data-widget_type=\"animated-headline.default\">\n\t\t\t\t<div class=\"elementor-widget-container\">\n\t\t\t\t\t\t\t<h3 class=\"elementor-headline\">\n\t\t\t\t\t<span class=\"elementor-headline-plain-text elementor-headline-text-wrapper\">Talento Humano &<\/span>\n\t\t\t\t<span class=\"elementor-headline-dynamic-wrapper elementor-headline-text-wrapper\">\n\t\t\t\t\t<span class=\"elementor-headline-dynamic-text elementor-headline-text-active\">Tecnolog\u00eda<\/span>\n\t\t\t\t<\/span>\n\t\t\t\t<\/h3>\n\t\t\t\t\t\t<\/div>\n\t\t\t\t<\/div>\n\t\t\t\t<div class=\"elementor-element elementor-element-29bb84f3 elementor-widget elementor-widget-video\" data-id=\"29bb84f3\" data-element_type=\"widget\" data-settings=\"{&quot;youtube_url&quot;:&quot;https:\\\/\\\/youtu.be\\\/D7VFDk94Dx8&quot;,&quot;autoplay&quot;:&quot;yes&quot;,&quot;play_on_mobile&quot;:&quot;yes&quot;,&quot;loop&quot;:&quot;yes&quot;,&quot;video_type&quot;:&quot;youtube&quot;}\" data-widget_type=\"video.default\">\n\t\t\t\t<div class=\"elementor-widget-container\">\n\t\t\t\t\t\t\t<div class=\"elementor-wrapper elementor-open-inline\">\n\t\t\t<div class=\"elementor-video\"><\/div>\t\t<\/div>\n\t\t\t\t\t\t<\/div>\n\t\t\t\t<\/div>\n\t\t\t\t<\/div>\n\t\t\t\t<\/div>\n\t\t<div class=\"elementor-element elementor-element-319a5efe e-con-full e-flex e-con e-parent\" data-id=\"319a5efe\" data-element_type=\"container\" data-settings=\"{&quot;_ha_eqh_enable&quot;:false}\">\n\t\t\t\t<div class=\"elementor-element elementor-element-54eb0166 elementor-headline--style-highlight elementor-widget elementor-widget-animated-headline\" data-id=\"54eb0166\" data-element_type=\"widget\" data-settings=\"{&quot;highlighted_text&quot;:&quot;Calidad&quot;,&quot;headline_style&quot;:&quot;highlight&quot;,&quot;marker&quot;:&quot;circle&quot;,&quot;loop&quot;:&quot;yes&quot;,&quot;highlight_animation_duration&quot;:1200,&quot;highlight_iteration_delay&quot;:8000}\" data-widget_type=\"animated-headline.default\">\n\t\t\t\t<div class=\"elementor-widget-container\">\n\t\t\t\t\t\t\t<h3 class=\"elementor-headline\">\n\t\t\t\t\t<span class=\"elementor-headline-plain-text elementor-headline-text-wrapper\">Pol\u00edtica de<\/span>\n\t\t\t\t<span class=\"elementor-headline-dynamic-wrapper elementor-headline-text-wrapper\">\n\t\t\t\t\t<span class=\"elementor-headline-dynamic-text elementor-headline-text-active\">Calidad<\/span>\n\t\t\t\t<\/span>\n\t\t\t\t<\/h3>\n\t\t\t\t\t\t<\/div>\n\t\t\t\t<\/div>\n\t\t\t\t<\/div>\n\t\t<div class=\"elementor-element elementor-element-5224ee3f e-con-full e-flex e-con e-parent\" data-id=\"5224ee3f\" data-element_type=\"container\" data-settings=\"{&quot;_ha_eqh_enable&quot;:false}\">\n\t\t<div class=\"elementor-element elementor-element-4b5b888d e-con-full e-flex e-con e-child\" data-id=\"4b5b888d\" data-element_type=\"container\" data-settings=\"{&quot;_ha_eqh_enable&quot;:false}\">\n\t\t\t\t<div class=\"elementor-element elementor-element-5cbe14e7 elementor-icon-list--layout-traditional elementor-list-item-link-full_width elementor-widget elementor-widget-icon-list\" data-id=\"5cbe14e7\" data-element_type=\"widget\" data-widget_type=\"icon-list.default\">\n\t\t\t\t<div class=\"elementor-widget-container\">\n\t\t\t\t\t\t\t<ul class=\"elementor-icon-list-items\">\n\t\t\t\t\t\t\t<li class=\"elementor-icon-list-item\">\n\t\t\t\t\t\t\t\t\t\t\t<span class=\"elementor-icon-list-icon\">\n\t\t\t\t\t\t\t<i aria-hidden=\"true\" class=\"fas fa-hand-holding-medical\"><\/i>\t\t\t\t\t\t<\/span>\n\t\t\t\t\t\t\t\t\t\t<span class=\"elementor-icon-list-text\">Protecci\u00f3n de la salud<\/span>\n\t\t\t\t\t\t\t\t\t<\/li>\n\t\t\t\t\t\t\t\t<li class=\"elementor-icon-list-item\">\n\t\t\t\t\t\t\t\t\t\t\t<span class=\"elementor-icon-list-icon\">\n\t\t\t\t\t\t\t<i aria-hidden=\"true\" class=\"fas fa-leaf\"><\/i>\t\t\t\t\t\t<\/span>\n\t\t\t\t\t\t\t\t\t\t<span class=\"elementor-icon-list-text\">Sostenibilidad Ambiental<\/span>\n\t\t\t\t\t\t\t\t\t<\/li>\n\t\t\t\t\t\t\t\t<li class=\"elementor-icon-list-item\">\n\t\t\t\t\t\t\t\t\t\t\t<span class=\"elementor-icon-list-icon\">\n\t\t\t\t\t\t\t<i aria-hidden=\"true\" class=\"fas fa-medal\"><\/i>\t\t\t\t\t\t<\/span>\n\t\t\t\t\t\t\t\t\t\t<span class=\"elementor-icon-list-text\">Calidad del servicio<\/span>\n\t\t\t\t\t\t\t\t\t<\/li>\n\t\t\t\t\t\t\t\t<li class=\"elementor-icon-list-item\">\n\t\t\t\t\t\t\t\t\t\t\t<span class=\"elementor-icon-list-icon\">\n\t\t\t\t\t\t\t<i aria-hidden=\"true\" class=\"icon icon-warning\"><\/i>\t\t\t\t\t\t<\/span>\n\t\t\t\t\t\t\t\t\t\t<span class=\"elementor-icon-list-text\">Prevenci\u00f3n de incidentes, accidentes y enfermedades laborales<\/span>\n\t\t\t\t\t\t\t\t\t<\/li>\n\t\t\t\t\t\t<\/ul>\n\t\t\t\t\t\t<\/div>\n\t\t\t\t<\/div>\n\t\t\t\t<\/div>\n\t\t<div class=\"elementor-element elementor-element-59203b97 e-con-full e-flex e-con e-child\" data-id=\"59203b97\" data-element_type=\"container\" data-settings=\"{&quot;_ha_eqh_enable&quot;:false}\">\n\t\t\t\t<div class=\"elementor-element elementor-element-531dff9 elementor-icon-list--layout-traditional elementor-list-item-link-full_width elementor-widget elementor-widget-icon-list\" data-id=\"531dff9\" data-element_type=\"widget\" data-widget_type=\"icon-list.default\">\n\t\t\t\t<div class=\"elementor-widget-container\">\n\t\t\t\t\t\t\t<ul class=\"elementor-icon-list-items\">\n\t\t\t\t\t\t\t<li class=\"elementor-icon-list-item\">\n\t\t\t\t\t\t\t\t\t\t\t<span class=\"elementor-icon-list-icon\">\n\t\t\t\t\t\t\t<i aria-hidden=\"true\" class=\"fas fa-check-double\"><\/i>\t\t\t\t\t\t<\/span>\n\t\t\t\t\t\t\t\t\t\t<span class=\"elementor-icon-list-text\">Mejoramiento continuo<\/span>\n\t\t\t\t\t\t\t\t\t<\/li>\n\t\t\t\t\t\t\t\t<li class=\"elementor-icon-list-item\">\n\t\t\t\t\t\t\t\t\t\t\t<span class=\"elementor-icon-list-icon\">\n\t\t\t\t\t\t\t<i aria-hidden=\"true\" class=\"fas fa-head-side-virus\"><\/i>\t\t\t\t\t\t<\/span>\n\t\t\t\t\t\t\t\t\t\t<span class=\"elementor-icon-list-text\">Identificaci\u00f3n, valoraci\u00f3n y control de riesgos<\/span>\n\t\t\t\t\t\t\t\t\t<\/li>\n\t\t\t\t\t\t\t\t<li class=\"elementor-icon-list-item\">\n\t\t\t\t\t\t\t\t\t\t\t<span class=\"elementor-icon-list-icon\">\n\t\t\t\t\t\t\t<i aria-hidden=\"true\" class=\"fas fa-balance-scale\"><\/i>\t\t\t\t\t\t<\/span>\n\t\t\t\t\t\t\t\t\t\t<span class=\"elementor-icon-list-text\">Cumplimento legal y contractual<\/span>\n\t\t\t\t\t\t\t\t\t<\/li>\n\t\t\t\t\t\t\t\t<li class=\"elementor-icon-list-item\">\n\t\t\t\t\t\t\t\t\t\t\t<span class=\"elementor-icon-list-icon\">\n\t\t\t\t\t\t\t<i aria-hidden=\"true\" class=\"far fa-smile\"><\/i>\t\t\t\t\t\t<\/span>\n\t\t\t\t\t\t\t\t\t\t<span class=\"elementor-icon-list-text\">Satisfacci\u00f3n del cliente<\/span>\n\t\t\t\t\t\t\t\t\t<\/li>\n\t\t\t\t\t\t<\/ul>\n\t\t\t\t\t\t<\/div>\n\t\t\t\t<\/div>\n\t\t\t\t<\/div>\n\t\t\t\t<\/div>\n\t\t\t\t<\/div>\n\t\t","protected":false},"excerpt":{"rendered":"<p>DIAGN\u00d3STICO ARQUEOL\u00d3GICO EN COLOMBIA El Diagn\u00f3stico Arqueol\u00f3gico es un pilar esencial en la planificaci\u00f3n de proyectos y en la implementaci\u00f3n del programa de arqueolog\u00eda preventiva. En esta fase, Recopilamos informaci\u00f3n clave sobre el contexto arqueol\u00f3gico del \u00e1rea donde se desarrolla un proyecto, lo que nos permite establecer las metodolog\u00edas de trabajo adecuadas y definir una [&hellip;]<\/p>\n","protected":false},"author":0,"featured_media":0,"parent":0,"menu_order":0,"comment_status":"closed","ping_status":"closed","template":"elementor_canvas","meta":{"footnotes":""},"class_list":["post-1882","page","type-page","status-publish","hentry"],"rttpg_featured_image_url":null,"rttpg_author":{"display_name":"","author_link":"https:\/\/anthroposcolombia.com\/index.php\/author\/"},"rttpg_comment":0,"rttpg_category":null,"rttpg_excerpt":"DIAGN\u00d3STICO ARQUEOL\u00d3GICO EN COLOMBIA El Diagn\u00f3stico Arqueol\u00f3gico es un pilar esencial en la planificaci\u00f3n de proyectos y en la implementaci\u00f3n del programa de arqueolog\u00eda preventiva. En esta fase, Recopilamos informaci\u00f3n clave sobre el contexto arqueol\u00f3gico del \u00e1rea donde se desarrolla un proyecto, lo que nos permite establecer las metodolog\u00edas de trabajo adecuadas y definir una&hellip;","_links":{"self":[{"href":"https:\/\/anthroposcolombia.com\/index.php\/wp-json\/wp\/v2\/pages\/1882","targetHints":{"allow":["GET"]}}],"collection":[{"href":"https:\/\/anthroposcolombia.com\/index.php\/wp-json\/wp\/v2\/pages"}],"about":[{"href":"https:\/\/anthroposcolombia.com\/index.php\/wp-json\/wp\/v2\/types\/page"}],"replies":[{"embeddable":true,"href":"https:\/\/anthroposcolombia.com\/index.php\/wp-json\/wp\/v2\/comments?post=1882"}],"version-history":[{"count":22,"href":"https:\/\/anthroposcolombia.com\/index.php\/wp-json\/wp\/v2\/pages\/1882\/revisions"}],"predecessor-version":[{"id":2284,"href":"https:\/\/anthroposcolombia.com\/index.php\/wp-json\/wp\/v2\/pages\/1882\/revisions\/2284"}],"wp:attachment":[{"href":"https:\/\/anthroposcolombia.com\/index.php\/wp-json\/wp\/v2\/media?parent=1882"}],"curies":[{"name":"wp","href":"https:\/\/api.w.org\/{rel}","templated":true}]}}