{"id":1951,"date":"2024-01-18T02:47:10","date_gmt":"2024-01-18T02:47:10","guid":{"rendered":"https:\/\/anthroposcolombia.com\/?page_id=1951"},"modified":"2026-01-09T08:22:47","modified_gmt":"2026-01-09T13:22:47","slug":"registro-arqueologico-en-colombia-2","status":"publish","type":"page","link":"https:\/\/anthroposcolombia.com\/index.php\/registro-arqueologico-en-colombia-2\/","title":{"rendered":"REGISTRO ARQUEOL\u00d3GICO EN COLOMBIA"},"content":{"rendered":"\t\t<div data-elementor-type=\"wp-page\" data-elementor-id=\"1951\" class=\"elementor elementor-1951\" data-elementor-settings=\"{&quot;ha_cmc_init_switcher&quot;:&quot;no&quot;}\" data-elementor-post-type=\"page\">\n\t\t\t\t<div class=\"elementor-element elementor-element-48f87f69 e-con-full e-flex elementor-invisible e-con e-parent\" data-id=\"48f87f69\" data-element_type=\"container\" data-settings=\"{&quot;animation&quot;:&quot;fadeIn&quot;,&quot;_ha_eqh_enable&quot;:false}\">\n\t\t\t\t<div class=\"elementor-element elementor-element-59c49058 elementor-widget elementor-widget-image\" data-id=\"59c49058\" data-element_type=\"widget\" data-widget_type=\"image.default\">\n\t\t\t\t<div class=\"elementor-widget-container\">\n\t\t\t\t\t\t\t\t\t\t\t\t\t\t\t<img decoding=\"async\" src=\"https:\/\/anthroposcolombia.com\/wp-content\/uploads\/elementor\/thumbs\/OpusStudio_2-25Up-rbihtr2n4ms86tyhwlhpreivrvztv5ms47pdb7zsqo.jpg\" title=\"OpusStudio_2-25Up\" alt=\"OpusStudio_2-25Up\" loading=\"lazy\" \/>\t\t\t\t\t\t\t\t\t\t\t\t\t\t\t<\/div>\n\t\t\t\t<\/div>\n\t\t\t\t<\/div>\n\t\t<div class=\"elementor-element elementor-element-28ea8dd0 e-con-full e-flex e-con e-parent\" data-id=\"28ea8dd0\" data-element_type=\"container\" data-settings=\"{&quot;background_background&quot;:&quot;video&quot;,&quot;_ha_eqh_enable&quot;:false}\">\n\t\t\t\t<div class=\"elementor-element elementor-element-21805c63 elementor-widget elementor-widget-heading\" data-id=\"21805c63\" data-element_type=\"widget\" data-widget_type=\"heading.default\">\n\t\t\t\t<div class=\"elementor-widget-container\">\n\t\t\t\t\t<h2 class=\"elementor-heading-title elementor-size-default\">REGISTRO ARQUEOL\u00d3GICO EN COLOMBIA<\/h2>\t\t\t\t<\/div>\n\t\t\t\t<\/div>\n\t\t\t\t<\/div>\n\t\t<div class=\"elementor-element elementor-element-4cd4e970 e-con-full e-flex e-con e-parent\" data-id=\"4cd4e970\" data-element_type=\"container\" data-settings=\"{&quot;_ha_eqh_enable&quot;:false}\">\n\t\t<div class=\"elementor-element elementor-element-2cfc3e6c e-con-full e-flex e-con e-child\" data-id=\"2cfc3e6c\" data-element_type=\"container\" data-settings=\"{&quot;_ha_eqh_enable&quot;:false}\">\n\t\t\t\t<div class=\"elementor-element elementor-element-304e9ba2 elementor-widget elementor-widget-text-editor\" data-id=\"304e9ba2\" data-element_type=\"widget\" data-widget_type=\"text-editor.default\">\n\t\t\t\t<div class=\"elementor-widget-container\">\n\t\t\t\t\t\t\t\t\t<p>La Primera Fase de Tu Programa de Arqueolog\u00eda Preventiva<\/p><p>Es el primer paso para el inicio del programa arqueolog\u00eda preventiva (PAP). Consiste en presentar al Instituto Colombiano de Antropolog\u00eda e Historia (ICANH) toda la informaci\u00f3n de ubicaci\u00f3n y caracter\u00edsticas del proyecto, con el fin de obtener la autorizaci\u00f3n (Resoluci\u00f3n ICANH) que da vida al PAP.<\/p><p><strong>La Importancia del Registro Arqueol\u00f3gico:<\/strong><\/p><ol><li>Cumplimiento Legal<\/li><li>Es el marco sobre el que se ejecutan las posteriores fases de programa de arqueolog\u00eda preventiva (diagn\u00f3stico, prospecci\u00f3n, rescate y monitoreo).<\/li><\/ol>\t\t\t\t\t\t\t\t<\/div>\n\t\t\t\t<\/div>\n\t\t\t\t<div class=\"elementor-element elementor-element-1a985c33 elementor-blockquote--skin-border elementor-blockquote--button-color-official elementor-widget elementor-widget-blockquote\" data-id=\"1a985c33\" data-element_type=\"widget\" data-widget_type=\"blockquote.default\">\n\t\t\t\t<div class=\"elementor-widget-container\">\n\t\t\t\t\t\t\t<blockquote class=\"elementor-blockquote\">\n\t\t\t<p class=\"elementor-blockquote__content\">\n\t\t\t\tLa Primera Fase de Tu Programa de Arqueolog\u00eda Preventiva\t\t\t<\/p>\n\t\t\t\t\t<\/blockquote>\n\t\t\t\t\t\t<\/div>\n\t\t\t\t<\/div>\n\t\t\t\t<div class=\"elementor-element elementor-element-5b7355f4 elementor-widget elementor-widget-text-editor\" data-id=\"5b7355f4\" data-element_type=\"widget\" data-widget_type=\"text-editor.default\">\n\t\t\t\t<div class=\"elementor-widget-container\">\n\t\t\t\t\t\t\t\t\t<p><strong>Nuestro Enfoque:<\/strong><\/p><p>En <strong>Anthropos<\/strong>, comprendemos la importancia de esta fase inicial. Nuestro equipo de arque\u00f3logos asesora a nuestros clientes para la obtenci\u00f3n de una resoluci\u00f3n de registro ajustada al alcance de cada proyecto.<\/p><p><strong>Ofrecemos:<\/strong><\/p><ol><li>Asesor\u00eda en la definici\u00f3n de los pol\u00edgonos a registrar.<\/li><li>Preparaci\u00f3n de la documentaci\u00f3n requerida por el ICANH.<\/li><li>Seguimiento y gesti\u00f3n del tr\u00e1mite.<br \/><br \/><\/li><\/ol><p><strong>Cont\u00e1ctanos:<\/strong><\/p><p>El Registro Arqueol\u00f3gico no es solo un tr\u00e1mite, es el inicio del programa de arqueolog\u00eda preventiva y un compromiso con la ejecuci\u00f3n un proyecto respetuoso del patrimonio arqueol\u00f3gico. No dudes en contactarnos, estamos aqu\u00ed para asesorar tu proyecto<\/p><p>El Registro Arqueol\u00f3gico es esencial para proteger y preservar el patrimonio arqueol\u00f3gico de Colombia. Cont\u00e1ctanos hoy y comencemos a escribir una nueva p\u00e1gina en la historia de Colombia juntos.<\/p>\t\t\t\t\t\t\t\t<\/div>\n\t\t\t\t<\/div>\n\t\t\t\t<\/div>\n\t\t<div class=\"elementor-element elementor-element-5257a6bd e-con-full e-flex e-con e-child\" data-id=\"5257a6bd\" data-element_type=\"container\" data-settings=\"{&quot;background_background&quot;:&quot;classic&quot;,&quot;_ha_eqh_enable&quot;:false}\">\n\t\t\t\t<div class=\"elementor-element elementor-element-1733a462 elementor-headline--style-highlight elementor-widget elementor-widget-animated-headline\" data-id=\"1733a462\" data-element_type=\"widget\" data-settings=\"{&quot;highlighted_text&quot;:&quot;Servicios&quot;,&quot;marker&quot;:&quot;underline&quot;,&quot;headline_style&quot;:&quot;highlight&quot;,&quot;loop&quot;:&quot;yes&quot;,&quot;highlight_animation_duration&quot;:1200,&quot;highlight_iteration_delay&quot;:8000}\" data-widget_type=\"animated-headline.default\">\n\t\t\t\t<div class=\"elementor-widget-container\">\n\t\t\t\t\t\t\t<h3 class=\"elementor-headline\">\n\t\t\t\t\t<span class=\"elementor-headline-plain-text elementor-headline-text-wrapper\">Nuestros<\/span>\n\t\t\t\t<span class=\"elementor-headline-dynamic-wrapper elementor-headline-text-wrapper\">\n\t\t\t\t\t<span class=\"elementor-headline-dynamic-text elementor-headline-text-active\">Servicios<\/span>\n\t\t\t\t<\/span>\n\t\t\t\t<\/h3>\n\t\t\t\t\t\t<\/div>\n\t\t\t\t<\/div>\n\t\t\t\t<div class=\"elementor-element elementor-element-4546e086 elementor-widget__width-inherit ha-has-bg-overlay elementor-widget elementor-widget-quadmenu\" data-id=\"4546e086\" data-element_type=\"widget\" data-settings=\"{&quot;motion_fx_motion_fx_scrolling&quot;:&quot;yes&quot;,&quot;motion_fx_opacity_effect&quot;:&quot;yes&quot;,&quot;motion_fx_opacity_direction&quot;:&quot;out-in-out&quot;,&quot;motion_fx_opacity_level&quot;:{&quot;unit&quot;:&quot;px&quot;,&quot;size&quot;:10,&quot;sizes&quot;:[]},&quot;motion_fx_opacity_range&quot;:{&quot;unit&quot;:&quot;%&quot;,&quot;size&quot;:&quot;&quot;,&quot;sizes&quot;:{&quot;start&quot;:20,&quot;end&quot;:80}},&quot;motion_fx_devices&quot;:[&quot;desktop&quot;,&quot;tablet&quot;,&quot;mobile&quot;]}\" data-widget_type=\"quadmenu.default\">\n\t\t\t\t<div class=\"elementor-widget-container\">\n\t\t\t\t\t<nav id=\"quadmenu\" class=\"quadmenu-default_theme quadmenu-v3.2.7 quadmenu-background-color quadmenu-mobile-shadow-show quadmenu-dropdown-shadow-show quadmenu-hover-ripple\" data-template=\"inherit\" data-theme=\"default_theme\" data-unwrap=\"0\" >\n\t<div class=\"quadmenu-container\">\n\t<div id=\"quadmenu_0\">\n\t\t\t\t<ul class=\"quadmenu-navbar-nav\"><li id=\"menu-item-1197\" class=\"quadmenu-item-1197 quadmenu-item quadmenu-item-object-custom quadmenu-item-type-default quadmenu-item-level-0 quadmenu-has-title quadmenu-has-link quadmenu-has-background quadmenu-dropdown-right\">\t\t\t\t<a  href=\"https:\/\/anthroposcolombia.com\/index.php\/registro-arqueologico-en-colombia-2\/\">\n\t\t\t<span class=\"quadmenu-item-content\">\n\t\t\t\t\t\t\t\t\t\t\t\t\t\t\t\t\t<span class=\"quadmenu-text quadmenu_pulse hover t_1000\">\u2713 Registro Arqueol\u00f3gico<\/span>\n\t\t\t\t\t\t\t\t\t\t\t\t\t\t\t\t\t<\/span>\n\t\t<\/a>\n\t\t\t\t<\/li><li id=\"menu-item-1196\" class=\"quadmenu-item-1196 quadmenu-item quadmenu-item-object-custom quadmenu-item-type-default quadmenu-item-level-0 quadmenu-has-title quadmenu-has-link quadmenu-has-background quadmenu-dropdown-right\">\t\t\t\t<a  href=\"https:\/\/anthroposcolombia.com\/index.php\/diagnostico-arqueologico-en-colombia-2\/\">\n\t\t\t<span class=\"quadmenu-item-content\">\n\t\t\t\t\t\t\t\t\t\t\t\t\t\t\t\t\t<span class=\"quadmenu-text quadmenu_pulse hover t_1000\">\u2713 Diagn\u00f3stico Arqueol\u00f3gico<\/span>\n\t\t\t\t\t\t\t\t\t\t\t\t\t\t\t\t\t<\/span>\n\t\t<\/a>\n\t\t\t\t<\/li><li id=\"menu-item-1135\" class=\"quadmenu-item-1135 quadmenu-item quadmenu-item-object-custom quadmenu-item-type-default quadmenu-item-level-0 quadmenu-has-title quadmenu-has-link quadmenu-has-background quadmenu-dropdown-right\">\t\t\t\t<a  href=\"https:\/\/anthroposcolombia.com\/index.php\/prospeccion-arqueologica-en-colombia-2\/\">\n\t\t\t<span class=\"quadmenu-item-content\">\n\t\t\t\t\t\t\t\t\t\t\t\t\t\t\t\t\t<span class=\"quadmenu-text quadmenu_pulse hover t_1000\">\u2713 Prospecci\u00f3n Arqueol\u00f3gica<\/span>\n\t\t\t\t\t\t\t\t\t\t\t\t\t\t\t\t\t<\/span>\n\t\t<\/a>\n\t\t\t\t<\/li><li id=\"menu-item-1142\" class=\"quadmenu-item-1142 quadmenu-item quadmenu-item-object-custom quadmenu-item-type-default quadmenu-item-level-0 quadmenu-has-title quadmenu-has-link quadmenu-has-background quadmenu-dropdown-right\">\t\t\t\t<a  href=\"https:\/\/anthroposcolombia.com\/index.php\/rescate-arqueologico-en-colombia-2\/#Servicios\">\n\t\t\t<span class=\"quadmenu-item-content\">\n\t\t\t\t\t\t\t\t\t\t\t\t\t\t\t\t\t<span class=\"quadmenu-text quadmenu_pulse hover t_1000\">\u2713 Rescate Arqueol\u00f3gico<\/span>\n\t\t\t\t\t\t\t\t\t\t\t\t\t\t\t\t\t<\/span>\n\t\t<\/a>\n\t\t\t\t<\/li><li id=\"menu-item-1198\" class=\"quadmenu-item-1198 quadmenu-item quadmenu-item-object-custom quadmenu-item-type-default quadmenu-item-level-0 quadmenu-has-title quadmenu-has-link quadmenu-has-background quadmenu-dropdown-right\">\t\t\t\t<a  href=\"https:\/\/anthroposcolombia.com\/index.php\/monitoreo-arqueologico-en-colombia\/\">\n\t\t\t<span class=\"quadmenu-item-content\">\n\t\t\t\t\t\t\t\t\t\t\t\t\t\t\t\t\t<span class=\"quadmenu-text quadmenu_pulse hover t_1000\">\u2713 Monitoreo Arqueol\u00f3gico<\/span>\n\t\t\t\t\t\t\t\t\t\t\t\t\t\t\t\t\t<\/span>\n\t\t<\/a>\n\t\t\t\t<\/li><li id=\"menu-item-1199\" class=\"quadmenu-item-1199 quadmenu-item quadmenu-item-object-custom quadmenu-item-type-default quadmenu-item-level-0 quadmenu-has-title quadmenu-has-link quadmenu-has-background quadmenu-dropdown-right\">\t\t\t\t<a  href=\"https:\/\/anthroposcolombia.com\/index.php\/laboratorio-arqueologico-en-colombia\/\">\n\t\t\t<span class=\"quadmenu-item-content\">\n\t\t\t\t\t\t\t\t\t\t\t\t\t\t\t\t\t<span class=\"quadmenu-text quadmenu_pulse hover t_1000\">\u2713 Laboratorio Arqueol\u00f3gico<\/span>\n\t\t\t\t\t\t\t\t\t\t\t\t\t\t\t\t\t<\/span>\n\t\t<\/a>\n\t\t\t\t<\/li><\/ul>\t<\/div>\n\t<\/div>\n<\/nav>\t\t\t\t<\/div>\n\t\t\t\t<\/div>\n\t\t\t\t<div class=\"elementor-element elementor-element-1ab3b005 elementor-headline--style-highlight elementor-widget elementor-widget-animated-headline\" data-id=\"1ab3b005\" data-element_type=\"widget\" data-settings=\"{&quot;highlighted_text&quot;:&quot;Tecnolog\\u00eda&quot;,&quot;marker&quot;:&quot;underline&quot;,&quot;headline_style&quot;:&quot;highlight&quot;,&quot;loop&quot;:&quot;yes&quot;,&quot;highlight_animation_duration&quot;:1200,&quot;highlight_iteration_delay&quot;:8000}\" data-widget_type=\"animated-headline.default\">\n\t\t\t\t<div class=\"elementor-widget-container\">\n\t\t\t\t\t\t\t<h3 class=\"elementor-headline\">\n\t\t\t\t\t<span class=\"elementor-headline-plain-text elementor-headline-text-wrapper\">Talento Humano &<\/span>\n\t\t\t\t<span class=\"elementor-headline-dynamic-wrapper elementor-headline-text-wrapper\">\n\t\t\t\t\t<span class=\"elementor-headline-dynamic-text elementor-headline-text-active\">Tecnolog\u00eda<\/span>\n\t\t\t\t<\/span>\n\t\t\t\t<\/h3>\n\t\t\t\t\t\t<\/div>\n\t\t\t\t<\/div>\n\t\t\t\t<div class=\"elementor-element elementor-element-576fc21a elementor-widget elementor-widget-video\" data-id=\"576fc21a\" data-element_type=\"widget\" data-settings=\"{&quot;youtube_url&quot;:&quot;https:\\\/\\\/youtu.be\\\/D7VFDk94Dx8&quot;,&quot;autoplay&quot;:&quot;yes&quot;,&quot;play_on_mobile&quot;:&quot;yes&quot;,&quot;loop&quot;:&quot;yes&quot;,&quot;video_type&quot;:&quot;youtube&quot;}\" data-widget_type=\"video.default\">\n\t\t\t\t<div class=\"elementor-widget-container\">\n\t\t\t\t\t\t\t<div class=\"elementor-wrapper elementor-open-inline\">\n\t\t\t<div class=\"elementor-video\"><\/div>\t\t<\/div>\n\t\t\t\t\t\t<\/div>\n\t\t\t\t<\/div>\n\t\t\t\t<\/div>\n\t\t\t\t<\/div>\n\t\t<div class=\"elementor-element elementor-element-6037c327 e-con-full e-flex e-con e-parent\" data-id=\"6037c327\" data-element_type=\"container\" data-settings=\"{&quot;_ha_eqh_enable&quot;:false}\">\n\t\t\t\t<div class=\"elementor-element elementor-element-4f117b00 elementor-headline--style-highlight elementor-widget elementor-widget-animated-headline\" data-id=\"4f117b00\" data-element_type=\"widget\" data-settings=\"{&quot;highlighted_text&quot;:&quot;Calidad&quot;,&quot;headline_style&quot;:&quot;highlight&quot;,&quot;marker&quot;:&quot;circle&quot;,&quot;loop&quot;:&quot;yes&quot;,&quot;highlight_animation_duration&quot;:1200,&quot;highlight_iteration_delay&quot;:8000}\" data-widget_type=\"animated-headline.default\">\n\t\t\t\t<div class=\"elementor-widget-container\">\n\t\t\t\t\t\t\t<h3 class=\"elementor-headline\">\n\t\t\t\t\t<span class=\"elementor-headline-plain-text elementor-headline-text-wrapper\">Pol\u00edtica de<\/span>\n\t\t\t\t<span class=\"elementor-headline-dynamic-wrapper elementor-headline-text-wrapper\">\n\t\t\t\t\t<span class=\"elementor-headline-dynamic-text elementor-headline-text-active\">Calidad<\/span>\n\t\t\t\t<\/span>\n\t\t\t\t<\/h3>\n\t\t\t\t\t\t<\/div>\n\t\t\t\t<\/div>\n\t\t\t\t<\/div>\n\t\t<div class=\"elementor-element elementor-element-3e061ac1 e-con-full e-flex e-con e-parent\" data-id=\"3e061ac1\" data-element_type=\"container\" data-settings=\"{&quot;_ha_eqh_enable&quot;:false}\">\n\t\t<div class=\"elementor-element elementor-element-3e505162 e-con-full e-flex e-con e-child\" data-id=\"3e505162\" data-element_type=\"container\" data-settings=\"{&quot;_ha_eqh_enable&quot;:false}\">\n\t\t\t\t<div class=\"elementor-element elementor-element-63906ca2 elementor-icon-list--layout-traditional elementor-list-item-link-full_width elementor-widget elementor-widget-icon-list\" data-id=\"63906ca2\" data-element_type=\"widget\" data-widget_type=\"icon-list.default\">\n\t\t\t\t<div class=\"elementor-widget-container\">\n\t\t\t\t\t\t\t<ul class=\"elementor-icon-list-items\">\n\t\t\t\t\t\t\t<li class=\"elementor-icon-list-item\">\n\t\t\t\t\t\t\t\t\t\t\t<span class=\"elementor-icon-list-icon\">\n\t\t\t\t\t\t\t<i aria-hidden=\"true\" class=\"fas fa-hand-holding-medical\"><\/i>\t\t\t\t\t\t<\/span>\n\t\t\t\t\t\t\t\t\t\t<span class=\"elementor-icon-list-text\">Protecci\u00f3n de la salud<\/span>\n\t\t\t\t\t\t\t\t\t<\/li>\n\t\t\t\t\t\t\t\t<li class=\"elementor-icon-list-item\">\n\t\t\t\t\t\t\t\t\t\t\t<span class=\"elementor-icon-list-icon\">\n\t\t\t\t\t\t\t<i aria-hidden=\"true\" class=\"fas fa-leaf\"><\/i>\t\t\t\t\t\t<\/span>\n\t\t\t\t\t\t\t\t\t\t<span class=\"elementor-icon-list-text\">Sostenibilidad Ambiental<\/span>\n\t\t\t\t\t\t\t\t\t<\/li>\n\t\t\t\t\t\t\t\t<li class=\"elementor-icon-list-item\">\n\t\t\t\t\t\t\t\t\t\t\t<span class=\"elementor-icon-list-icon\">\n\t\t\t\t\t\t\t<i aria-hidden=\"true\" class=\"fas fa-medal\"><\/i>\t\t\t\t\t\t<\/span>\n\t\t\t\t\t\t\t\t\t\t<span class=\"elementor-icon-list-text\">Calidad del servicio<\/span>\n\t\t\t\t\t\t\t\t\t<\/li>\n\t\t\t\t\t\t\t\t<li class=\"elementor-icon-list-item\">\n\t\t\t\t\t\t\t\t\t\t\t<span class=\"elementor-icon-list-icon\">\n\t\t\t\t\t\t\t<i aria-hidden=\"true\" class=\"icon icon-warning\"><\/i>\t\t\t\t\t\t<\/span>\n\t\t\t\t\t\t\t\t\t\t<span class=\"elementor-icon-list-text\">Prevenci\u00f3n de incidentes, accidentes y enfermedades laborales<\/span>\n\t\t\t\t\t\t\t\t\t<\/li>\n\t\t\t\t\t\t<\/ul>\n\t\t\t\t\t\t<\/div>\n\t\t\t\t<\/div>\n\t\t\t\t<\/div>\n\t\t<div class=\"elementor-element elementor-element-7ae0b320 e-con-full e-flex e-con e-child\" data-id=\"7ae0b320\" data-element_type=\"container\" data-settings=\"{&quot;_ha_eqh_enable&quot;:false}\">\n\t\t\t\t<div class=\"elementor-element elementor-element-732d01a3 elementor-icon-list--layout-traditional elementor-list-item-link-full_width elementor-widget elementor-widget-icon-list\" data-id=\"732d01a3\" data-element_type=\"widget\" data-widget_type=\"icon-list.default\">\n\t\t\t\t<div class=\"elementor-widget-container\">\n\t\t\t\t\t\t\t<ul class=\"elementor-icon-list-items\">\n\t\t\t\t\t\t\t<li class=\"elementor-icon-list-item\">\n\t\t\t\t\t\t\t\t\t\t\t<span class=\"elementor-icon-list-icon\">\n\t\t\t\t\t\t\t<i aria-hidden=\"true\" class=\"fas fa-check-double\"><\/i>\t\t\t\t\t\t<\/span>\n\t\t\t\t\t\t\t\t\t\t<span class=\"elementor-icon-list-text\">Mejoramiento continuo<\/span>\n\t\t\t\t\t\t\t\t\t<\/li>\n\t\t\t\t\t\t\t\t<li class=\"elementor-icon-list-item\">\n\t\t\t\t\t\t\t\t\t\t\t<span class=\"elementor-icon-list-icon\">\n\t\t\t\t\t\t\t<i aria-hidden=\"true\" class=\"fas fa-head-side-virus\"><\/i>\t\t\t\t\t\t<\/span>\n\t\t\t\t\t\t\t\t\t\t<span class=\"elementor-icon-list-text\">Identificaci\u00f3n, valoraci\u00f3n y control de riesgos<\/span>\n\t\t\t\t\t\t\t\t\t<\/li>\n\t\t\t\t\t\t\t\t<li class=\"elementor-icon-list-item\">\n\t\t\t\t\t\t\t\t\t\t\t<span class=\"elementor-icon-list-icon\">\n\t\t\t\t\t\t\t<i aria-hidden=\"true\" class=\"fas fa-balance-scale\"><\/i>\t\t\t\t\t\t<\/span>\n\t\t\t\t\t\t\t\t\t\t<span class=\"elementor-icon-list-text\">Cumplimento legal y contractual<\/span>\n\t\t\t\t\t\t\t\t\t<\/li>\n\t\t\t\t\t\t\t\t<li class=\"elementor-icon-list-item\">\n\t\t\t\t\t\t\t\t\t\t\t<span class=\"elementor-icon-list-icon\">\n\t\t\t\t\t\t\t<i aria-hidden=\"true\" class=\"far fa-smile\"><\/i>\t\t\t\t\t\t<\/span>\n\t\t\t\t\t\t\t\t\t\t<span class=\"elementor-icon-list-text\">Satisfacci\u00f3n del cliente<\/span>\n\t\t\t\t\t\t\t\t\t<\/li>\n\t\t\t\t\t\t<\/ul>\n\t\t\t\t\t\t<\/div>\n\t\t\t\t<\/div>\n\t\t\t\t<\/div>\n\t\t\t\t<\/div>\n\t\t\t\t<\/div>\n\t\t","protected":false},"excerpt":{"rendered":"<p>REGISTRO ARQUEOL\u00d3GICO EN COLOMBIA La Primera Fase de Tu Programa de Arqueolog\u00eda Preventiva Es el primer paso para el inicio del programa arqueolog\u00eda preventiva (PAP). Consiste en presentar al Instituto Colombiano de Antropolog\u00eda e Historia (ICANH) toda la informaci\u00f3n de ubicaci\u00f3n y caracter\u00edsticas del proyecto, con el fin de obtener la autorizaci\u00f3n (Resoluci\u00f3n ICANH) que [&hellip;]<\/p>\n","protected":false},"author":0,"featured_media":0,"parent":0,"menu_order":0,"comment_status":"closed","ping_status":"closed","template":"elementor_canvas","meta":{"footnotes":""},"class_list":["post-1951","page","type-page","status-publish","hentry"],"rttpg_featured_image_url":null,"rttpg_author":{"display_name":"","author_link":"https:\/\/anthroposcolombia.com\/index.php\/author\/"},"rttpg_comment":0,"rttpg_category":null,"rttpg_excerpt":"REGISTRO ARQUEOL\u00d3GICO EN COLOMBIA La Primera Fase de Tu Programa de Arqueolog\u00eda Preventiva Es el primer paso para el inicio del programa arqueolog\u00eda preventiva (PAP). Consiste en presentar al Instituto Colombiano de Antropolog\u00eda e Historia (ICANH) toda la informaci\u00f3n de ubicaci\u00f3n y caracter\u00edsticas del proyecto, con el fin de obtener la autorizaci\u00f3n (Resoluci\u00f3n ICANH) que&hellip;","_links":{"self":[{"href":"https:\/\/anthroposcolombia.com\/index.php\/wp-json\/wp\/v2\/pages\/1951","targetHints":{"allow":["GET"]}}],"collection":[{"href":"https:\/\/anthroposcolombia.com\/index.php\/wp-json\/wp\/v2\/pages"}],"about":[{"href":"https:\/\/anthroposcolombia.com\/index.php\/wp-json\/wp\/v2\/types\/page"}],"replies":[{"embeddable":true,"href":"https:\/\/anthroposcolombia.com\/index.php\/wp-json\/wp\/v2\/comments?post=1951"}],"version-history":[{"count":7,"href":"https:\/\/anthroposcolombia.com\/index.php\/wp-json\/wp\/v2\/pages\/1951\/revisions"}],"predecessor-version":[{"id":2484,"href":"https:\/\/anthroposcolombia.com\/index.php\/wp-json\/wp\/v2\/pages\/1951\/revisions\/2484"}],"wp:attachment":[{"href":"https:\/\/anthroposcolombia.com\/index.php\/wp-json\/wp\/v2\/media?parent=1951"}],"curies":[{"name":"wp","href":"https:\/\/api.w.org\/{rel}","templated":true}]}}