{"id":3,"date":"2023-10-12T17:11:34","date_gmt":"2023-10-12T17:11:34","guid":{"rendered":"https:\/\/anthroposcolombia.com\/?page_id=3"},"modified":"2026-01-15T11:15:28","modified_gmt":"2026-01-15T16:15:28","slug":"privacy-policy","status":"publish","type":"page","link":"https:\/\/anthroposcolombia.com\/index.php\/privacy-policy\/","title":{"rendered":"Politica del sistema de gestion integral"},"content":{"rendered":"\t\t<div data-elementor-type=\"wp-page\" data-elementor-id=\"3\" class=\"elementor elementor-3\" data-elementor-settings=\"{&quot;ha_cmc_init_switcher&quot;:&quot;no&quot;}\" data-elementor-post-type=\"page\">\n\t\t\t\t<div class=\"elementor-element elementor-element-1b4802e0 e-flex e-con-boxed e-con e-parent\" data-id=\"1b4802e0\" data-element_type=\"container\" data-settings=\"{&quot;_ha_eqh_enable&quot;:false}\">\n\t\t\t\t\t<div class=\"e-con-inner\">\n\t\t\t\t<div class=\"elementor-element elementor-element-e53877a elementor-widget elementor-widget-text-editor\" data-id=\"e53877a\" data-element_type=\"widget\" data-widget_type=\"text-editor.default\">\n\t\t\t\t<div class=\"elementor-widget-container\">\n\t\t\t\t\t\t\t\t\t<p>\u00a0<\/p>\n<p>En <strong>ANTHROPOS S.A.S.<\/strong>, empresa especializada en consultor\u00eda arqueol\u00f3gica y en la protecci\u00f3n del patrimonio arqueol\u00f3gico de la Naci\u00f3n, estamos comprometidos con el desarrollo y fortalecimiento del Sistema de Gesti\u00f3n Integral conforme a los lineamientos de las normas ISO 9001, ISO 14001 e ISO 45001. Esta pol\u00edtica define los principios que gu\u00edan nuestra actuaci\u00f3n y establece los siguientes compromisos<\/p>\n<p>\u00a0<\/p>\n<h1>Compromisos con la Calidad<\/h1>\n<ul>\n<li>Brindar servicios de arqueolog\u00eda de alta calidad, desarrollados por profesionales competentes y comprometidos con la protecci\u00f3n del patrimonio cultural.<\/li>\n<li>Garantizar la satisfacci\u00f3n de nuestros clientes mediante la entrega oportuna de resultados, ajustados a los requisitos acordados y a las necesidades operativas de cada proyecto.<\/li>\n<li>Mantener una cobertura operativa a nivel nacional que permita ofrecer respuestas eficaces y eficientes en el desarrollo de nuestros servicios.<\/li>\n<\/ul>\n<p>\u00a0<\/p>\n<h1>Compromisos con la Gesti\u00f3n Ambiental<\/h1>\n<ul>\n<li>Proteger el medio ambiente y prevenir la contaminaci\u00f3n en todas nuestras actividades relacionadas con la intervenci\u00f3n arqueol\u00f3gica.<\/li>\n<li>Identificar, evaluar y controlar los aspectos ambientales significativos asociados a nuestros procesos.<\/li>\n<li>Adoptar acciones para mitigar los efectos del cambio clim\u00e1tico, reducir su huella ambiental y fortalecer la resiliencia organizacional frente a este fen\u00f3meno<\/li>\n<\/ul>\n<p>\u00a0<\/p>\n<h1>Compromisos con la Seguridad y Salud en el Trabajo<\/h1>\n<ul>\n<li>Garantizar condiciones de trabajo seguras y saludables para todos los trabajadores, contratistas y visitantes.<\/li>\n<li>Identificar peligros, evaluar riesgos y establecer controles que conlleven a su eliminaci\u00f3n o reducci\u00f3n para la prevenci\u00f3n de lesiones y el deterioro de la salud.<\/li>\n<li>Fomentar una cultura de autocuidado, cumplimiento de normas y participaci\u00f3n activa en actividades de promoci\u00f3n y prevenci\u00f3n en seguridad y salud en el trabajo.<\/li>\n<\/ul>\n<p>Asimismo, la Alta Direcci\u00f3n de ANTHROPOS S.A.S. se compromete a garantizar el cumplimiento de los requisitos legales y dem\u00e1s requisitos aplicables; a promover la consulta y participaci\u00f3n activa de los trabajadores y sus representantes; a asegurar la disponibilidad de los recursos necesarios, y a impulsar la mejora continua del Sistema de Gesti\u00f3n Integral.<\/p>\n<p>Esta pol\u00edtica ser\u00e1 comunicada, entendida y aplicada por todas las personas que hacen parte de la organizaci\u00f3n, y estar\u00e1 disponible para todas las partes interesadas pertinentes.<\/p>\t\t\t\t\t\t\t\t<\/div>\n\t\t\t\t<\/div>\n\t\t\t\t\t<\/div>\n\t\t\t\t<\/div>\n\t\t<div class=\"elementor-element elementor-element-4b33bd7 e-flex e-con-boxed e-con e-parent\" data-id=\"4b33bd7\" data-element_type=\"container\" data-settings=\"{&quot;_ha_eqh_enable&quot;:false}\">\n\t\t\t\t\t<div class=\"e-con-inner\">\n\t\t\t\t\t<\/div>\n\t\t\t\t<\/div>\n\t\t<div class=\"elementor-element elementor-element-538162a e-flex e-con-boxed e-con e-parent\" data-id=\"538162a\" data-element_type=\"container\" data-settings=\"{&quot;_ha_eqh_enable&quot;:false}\">\n\t\t\t\t\t<div class=\"e-con-inner\">\n\t\t\t\t<div class=\"elementor-element elementor-element-cf95a7a elementor-widget elementor-widget-image\" data-id=\"cf95a7a\" data-element_type=\"widget\" data-widget_type=\"image.default\">\n\t\t\t\t<div class=\"elementor-widget-container\">\n\t\t\t\t\t\t\t\t\t\t\t\t\t\t\t<img fetchpriority=\"high\" decoding=\"async\" width=\"1920\" height=\"1080\" src=\"https:\/\/anthroposcolombia.com\/wp-content\/uploads\/2026\/01\/1.png\" class=\"attachment-2048x2048 size-2048x2048 wp-image-2532\" alt=\"\" srcset=\"https:\/\/anthroposcolombia.com\/wp-content\/uploads\/2026\/01\/1.png 1920w, https:\/\/anthroposcolombia.com\/wp-content\/uploads\/2026\/01\/1-300x169.png 300w, https:\/\/anthroposcolombia.com\/wp-content\/uploads\/2026\/01\/1-1024x576.png 1024w, https:\/\/anthroposcolombia.com\/wp-content\/uploads\/2026\/01\/1-768x432.png 768w, https:\/\/anthroposcolombia.com\/wp-content\/uploads\/2026\/01\/1-1536x864.png 1536w\" sizes=\"(max-width: 1920px) 100vw, 1920px\" \/>\t\t\t\t\t\t\t\t\t\t\t\t\t\t\t<\/div>\n\t\t\t\t<\/div>\n\t\t\t\t\t<\/div>\n\t\t\t\t<\/div>\n\t\t<div class=\"elementor-element elementor-element-9b4a953 e-flex e-con-boxed e-con e-parent\" data-id=\"9b4a953\" data-element_type=\"container\" data-settings=\"{&quot;_ha_eqh_enable&quot;:false}\">\n\t\t\t\t\t<div class=\"e-con-inner\">\n\t\t\t\t<div class=\"elementor-element elementor-element-2b66197 elementor-widget__width-initial elementor-widget elementor-widget-spacer\" data-id=\"2b66197\" data-element_type=\"widget\" data-widget_type=\"spacer.default\">\n\t\t\t\t<div class=\"elementor-widget-container\">\n\t\t\t\t\t\t\t<div class=\"elementor-spacer\">\n\t\t\t<div class=\"elementor-spacer-inner\"><\/div>\n\t\t<\/div>\n\t\t\t\t\t\t<\/div>\n\t\t\t\t<\/div>\n\t\t\t\t\t<\/div>\n\t\t\t\t<\/div>\n\t\t<div class=\"elementor-element elementor-element-cd1b153 e-flex e-con-boxed e-con e-parent\" data-id=\"cd1b153\" data-element_type=\"container\" data-settings=\"{&quot;_ha_eqh_enable&quot;:false}\">\n\t\t\t\t\t<div class=\"e-con-inner\">\n\t\t\t\t<div class=\"elementor-element elementor-element-904e93e elementor-widget elementor-widget-image\" data-id=\"904e93e\" data-element_type=\"widget\" data-widget_type=\"image.default\">\n\t\t\t\t<div class=\"elementor-widget-container\">\n\t\t\t\t\t\t\t\t\t\t\t\t\t\t\t<img decoding=\"async\" width=\"1920\" height=\"1080\" src=\"https:\/\/anthroposcolombia.com\/wp-content\/uploads\/2026\/01\/2.png\" class=\"attachment-2048x2048 size-2048x2048 wp-image-2539\" alt=\"\" srcset=\"https:\/\/anthroposcolombia.com\/wp-content\/uploads\/2026\/01\/2.png 1920w, https:\/\/anthroposcolombia.com\/wp-content\/uploads\/2026\/01\/2-300x169.png 300w, https:\/\/anthroposcolombia.com\/wp-content\/uploads\/2026\/01\/2-1024x576.png 1024w, https:\/\/anthroposcolombia.com\/wp-content\/uploads\/2026\/01\/2-768x432.png 768w, https:\/\/anthroposcolombia.com\/wp-content\/uploads\/2026\/01\/2-1536x864.png 1536w\" sizes=\"(max-width: 1920px) 100vw, 1920px\" \/>\t\t\t\t\t\t\t\t\t\t\t\t\t\t\t<\/div>\n\t\t\t\t<\/div>\n\t\t\t\t\t<\/div>\n\t\t\t\t<\/div>\n\t\t<div class=\"elementor-element elementor-element-8535459 e-flex e-con-boxed e-con e-parent\" data-id=\"8535459\" data-element_type=\"container\" data-settings=\"{&quot;_ha_eqh_enable&quot;:false}\">\n\t\t\t\t\t<div class=\"e-con-inner\">\n\t\t\t\t<div class=\"elementor-element elementor-element-505eebe elementor-widget elementor-widget-spacer\" data-id=\"505eebe\" data-element_type=\"widget\" data-widget_type=\"spacer.default\">\n\t\t\t\t<div class=\"elementor-widget-container\">\n\t\t\t\t\t\t\t<div class=\"elementor-spacer\">\n\t\t\t<div class=\"elementor-spacer-inner\"><\/div>\n\t\t<\/div>\n\t\t\t\t\t\t<\/div>\n\t\t\t\t<\/div>\n\t\t\t\t\t<\/div>\n\t\t\t\t<\/div>\n\t\t\t\t<\/div>\n\t\t","protected":false},"excerpt":{"rendered":"<p>\u00a0 En ANTHROPOS S.A.S., empresa especializada en consultor\u00eda arqueol\u00f3gica y en la protecci\u00f3n del patrimonio arqueol\u00f3gico de la Naci\u00f3n, estamos comprometidos con el desarrollo y fortalecimiento del Sistema de Gesti\u00f3n Integral conforme a los lineamientos de las normas ISO 9001, ISO 14001 e ISO 45001. Esta pol\u00edtica define los principios que gu\u00edan nuestra actuaci\u00f3n y [&hellip;]<\/p>\n","protected":false},"author":0,"featured_media":0,"parent":0,"menu_order":0,"comment_status":"closed","ping_status":"open","template":"","meta":{"footnotes":""},"class_list":["post-3","page","type-page","status-publish","hentry"],"rttpg_featured_image_url":null,"rttpg_author":{"display_name":"","author_link":"https:\/\/anthroposcolombia.com\/index.php\/author\/"},"rttpg_comment":0,"rttpg_category":null,"rttpg_excerpt":"\u00a0 En ANTHROPOS S.A.S., empresa especializada en consultor\u00eda arqueol\u00f3gica y en la protecci\u00f3n del patrimonio arqueol\u00f3gico de la Naci\u00f3n, estamos comprometidos con el desarrollo y fortalecimiento del Sistema de Gesti\u00f3n Integral conforme a los lineamientos de las normas ISO 9001, ISO 14001 e ISO 45001. Esta pol\u00edtica define los principios que gu\u00edan nuestra actuaci\u00f3n y&hellip;","_links":{"self":[{"href":"https:\/\/anthroposcolombia.com\/index.php\/wp-json\/wp\/v2\/pages\/3","targetHints":{"allow":["GET"]}}],"collection":[{"href":"https:\/\/anthroposcolombia.com\/index.php\/wp-json\/wp\/v2\/pages"}],"about":[{"href":"https:\/\/anthroposcolombia.com\/index.php\/wp-json\/wp\/v2\/types\/page"}],"replies":[{"embeddable":true,"href":"https:\/\/anthroposcolombia.com\/index.php\/wp-json\/wp\/v2\/comments?post=3"}],"version-history":[{"count":25,"href":"https:\/\/anthroposcolombia.com\/index.php\/wp-json\/wp\/v2\/pages\/3\/revisions"}],"predecessor-version":[{"id":2551,"href":"https:\/\/anthroposcolombia.com\/index.php\/wp-json\/wp\/v2\/pages\/3\/revisions\/2551"}],"wp:attachment":[{"href":"https:\/\/anthroposcolombia.com\/index.php\/wp-json\/wp\/v2\/media?parent=3"}],"curies":[{"name":"wp","href":"https:\/\/api.w.org\/{rel}","templated":true}]}}